{"id":7,"date":"2024-05-31T10:12:24","date_gmt":"2024-05-31T08:12:24","guid":{"rendered":"https:\/\/eye-c.fr\/?page_id=7"},"modified":"2026-01-23T15:24:56","modified_gmt":"2026-01-23T14:24:56","slug":"accueil","status":"publish","type":"page","link":"https:\/\/eye-c.fr\/","title":{"rendered":"C\u00e9line Rouxel Sophrologue    Eye C Sophro"},"content":{"rendered":"\n<div class=\"wp-block-media-text alignfull is-stacked-on-mobile has-accent-background-color has-background\"><figure class=\"wp-block-media-text__media\"><img fetchpriority=\"high\" decoding=\"async\" width=\"2560\" height=\"2129\" src=\"http:\/\/eye-c.fr\/wp-content\/uploads\/2024\/11\/20241016_164245-scaled.jpg\" alt=\"\" class=\"wp-image-75 size-full\" srcset=\"https:\/\/eye-c.fr\/wp-content\/uploads\/2024\/11\/20241016_164245-scaled.jpg 2560w, https:\/\/eye-c.fr\/wp-content\/uploads\/2024\/11\/20241016_164245-300x250.jpg 300w, https:\/\/eye-c.fr\/wp-content\/uploads\/2024\/11\/20241016_164245-1024x852.jpg 1024w, https:\/\/eye-c.fr\/wp-content\/uploads\/2024\/11\/20241016_164245-768x639.jpg 768w, https:\/\/eye-c.fr\/wp-content\/uploads\/2024\/11\/20241016_164245-1536x1278.jpg 1536w, https:\/\/eye-c.fr\/wp-content\/uploads\/2024\/11\/20241016_164245-2048x1703.jpg 2048w\" sizes=\"(max-width: 2560px) 100vw, 2560px\" \/><\/figure><div class=\"wp-block-media-text__content\">\n<div class=\"wp-block-group alignwide is-vertical is-content-justification-left is-layout-flex wp-container-core-group-is-layout-b21d21b4 wp-block-group-is-layout-flex\" style=\"min-height:520px\">\n<div class=\"wp-block-group has-global-padding is-layout-constrained wp-container-core-group-is-layout-40e9eaf8 wp-block-group-is-layout-constrained\">\n<h1 class=\"wp-block-heading\"><strong><em>Stress visuel, fatigue oculaire, \u00e9crans : et si vous repreniez le pouvoir sur votre regard ?<\/em><\/strong><\/h1>\n\n\n\n<p>Vous passez vos journ\u00e9es devant un \u00e9cran ?<br>Vos yeux picotent, tirent, deviennent flous ?<br>Vous sentez la tension monter, la t\u00eate lourde, le mental en surcharge ?<br>Et malgr\u00e9 tout\u2026 impossible de tout d\u00e9connecter, car les \u00e9crans sont devenus indispensables \u00e0 votre travail et \u00e0 votre quotidien ?<\/p>\n\n\n\n<p>\ud83d\udc49 Vous n\u2019\u00eates pas seul(e).<br>Le <strong>stress visuel<\/strong> touche aujourd\u2019hui une grande partie de la population.<br>Il fatigue non seulement vos yeux, mais aussi <strong>votre corps, votre sommeil et vos \u00e9motions<\/strong>.<\/p>\n\n\n\n<p><\/p>\n\n\n\n<div class=\"wp-block-group is-vertical is-content-justification-stretch is-layout-flex wp-container-core-group-is-layout-08c12fc4 wp-block-group-is-layout-flex\" style=\"margin-top:1.51rem;padding-right:0px;padding-left:0px\">\n<div class=\"wp-block-group has-global-padding is-content-justification-left is-layout-constrained wp-container-core-group-is-layout-a938e025 wp-block-group-is-layout-constrained\" style=\"margin-top:0px\">\n<div class=\"wp-block-buttons is-horizontal is-content-justification-right is-layout-flex wp-container-core-buttons-is-layout-099266fd wp-block-buttons-is-layout-flex\" style=\"margin-top:0.51rem\">\n<div class=\"wp-block-button has-custom-width wp-block-button__width-100 is-style-fill\"><a class=\"wp-block-button__link has-text-color has-background has-custom-font-size wp-element-button\" href=\"https:\/\/calendly.com\/eyecsophro\/60min\" style=\"border-style:none;border-width:0px;border-radius:0rem;color:#fffffd;background-color:#528d8e;padding-top:0.81rem;padding-right:1rem;padding-bottom:0.81rem;padding-left:1rem;font-size:clamp(0.875rem, 0.875rem + ((1vw - 0.2rem) * 0.225), 1.01rem);font-style:normal;font-weight:600;line-height:1.5;text-transform:uppercase\">D\u00e9couvrir<\/a><\/div>\n<\/div>\n<\/div>\n<\/div>\n<\/div>\n<\/div>\n<\/div><\/div>\n\n\n\n<section class=\"wp-block-group alignfull has-text-color has-background has-global-padding is-layout-constrained wp-container-core-group-is-layout-28b80094 wp-block-group-is-layout-constrained\" style=\"color:#010101;background-color:#edf1f2;margin-top:0px;padding-top:4rem;padding-right:1rem;padding-bottom:4rem;padding-left:1rem;font-size:clamp(0.875rem, 0.875rem + ((1vw - 0.2rem) * 0.425), 1.13rem);font-style:normal;font-weight:400;line-height:1.4\">\n<div class=\"wp-block-columns are-vertically-aligned-center is-layout-flex wp-container-core-columns-is-layout-2709eace wp-block-columns-is-layout-flex\">\n<div class=\"wp-block-column is-vertically-aligned-center is-layout-flow wp-block-column-is-layout-flow\"><\/div>\n\n\n\n<div class=\"wp-block-column is-vertically-aligned-center is-layout-flow wp-block-column-is-layout-flow\"><\/div>\n\n\n\n<div class=\"wp-block-column is-vertically-aligned-center is-layout-flow wp-block-column-is-layout-flow\"><\/div>\n\n\n\n<div class=\"wp-block-column is-vertically-aligned-center is-layout-flow wp-block-column-is-layout-flow\"><\/div>\n\n\n\n<div class=\"wp-block-column is-vertically-aligned-center is-layout-flow wp-block-column-is-layout-flow\"><\/div>\n<\/div>\n\n\n\n<div class=\"wp-block-media-text alignwide has-media-on-the-right is-stacked-on-mobile\"><div class=\"wp-block-media-text__content\">\n<h2 class=\"wp-block-heading\"><strong>Je suis C\u00e9line Rouxel, Sophrologue &amp; ancienne opticienne<\/strong><\/h2>\n\n\n\n<p>Apr\u00e8s plus de 15 ans dans le monde de l\u2019optique, sp\u00e9cialis\u00e9e en <strong>optom\u00e9trie, contactologie et basse vision<\/strong>, j\u2019ai observ\u00e9 \u00e0 quel point les troubles visuels s\u2019accompagnent souvent de <strong>tension, d\u2019inqui\u00e9tude, voire de peur<\/strong>.<br>Cette dimension \u00e9motionnelle est pourtant rarement prise en compte.<\/p>\n\n\n\n<p>C\u2019est ce constat qui m\u2019a amen\u00e9e \u00e0 cr\u00e9er <strong>Eye C Sophro<\/strong>, un accompagnement unique alliant mes deux expertises :<br>\ud83d\udd39 la <strong>connaissance pr\u00e9cise du fonctionnement visuel<\/strong>,<br>\ud83d\udd39 et la <strong>sophrologie<\/strong>, pour apaiser le stress, d\u00e9tendre le corps et rel\u00e2cher le mental.<\/p>\n\n\n\n<h2 class=\"wp-block-heading\"><strong>Un accompagnement pour vos yeux\u2026 et pour tout votre \u00eatre<\/strong><\/h2>\n\n\n\n<p>Je vous aide \u00e0 :<\/p>\n\n\n\n<ul class=\"wp-block-list\">\n<li>G\u00e9rer le <strong>stress li\u00e9 \u00e0 la fatigue visuelle<\/strong> et aux \u00e9crans,<\/li>\n\n\n\n<li>Retrouver <strong>calme et confort oculaire<\/strong>,<\/li>\n\n\n\n<li>Vous pr\u00e9parer sereinement \u00e0 une <strong>intervention sur les yeux<\/strong>,<\/li>\n\n\n\n<li>Mieux vivre un <strong>changement de vue ou une pathologie oculaire<\/strong> (glaucome, DMLA, etc.),<\/li>\n\n\n\n<li>Apaiser la <strong>peur de mal voir ou de perdre la vue<\/strong>.<\/li>\n<\/ul>\n\n\n\n<p>Chaque s\u00e9ance est un moment pour <strong>souffler, rel\u00e2cher et r\u00e9apprendre \u00e0 faire confiance \u00e0 votre regard.<\/strong><\/p>\n\n\n\n<h3 class=\"wp-block-heading\">Pourquoi vous accompagner avec la sophrologie?<\/h3>\n\n\n\n<p>Parce que le corps et les yeux sont intimement li\u00e9s.<br>Quand vous \u00eates stress\u00e9, vos muscles se crispent\u2026 et vos yeux aussi.<br>La sophrologie permet de :<\/p>\n\n\n\n<ul class=\"wp-block-list\">\n<li>d\u00e9tendre les tensions corporelles et oculaires,<\/li>\n\n\n\n<li>r\u00e9guler la respiration et le rythme cardiaque,<\/li>\n\n\n\n<li>faire baisser le taux de cortisol,<\/li>\n\n\n\n<li>renforcer la confiance et la concentration.<\/li>\n<\/ul>\n\n\n\n<p>\ud83d\udd4a\ufe0f En quelques s\u00e9ances, vous apprenez \u00e0 <strong>reprendre le contr\u00f4le sur vos sensations et vos \u00e9motions<\/strong>, pour voir le monde avec plus de s\u00e9r\u00e9nit\u00e9.<\/p>\n\n\n\n<h2 class=\"wp-block-heading\"><strong>Et si on commen\u00e7ait ?<\/strong><\/h2>\n\n\n\n<p>Que vous soyez salari\u00e9, \u00e9tudiant, parent, ou en p\u00e9riode de soin visuel,<br>je vous accompagne avec bienveillance et professionnalisme \u00e0 retrouver un <strong>\u00e9quilibre entre vos yeux, votre corps et votre esprit.<\/strong><\/p>\n\n\n\n<blockquote class=\"wp-block-quote is-layout-flow wp-block-quote-is-layout-flow\">\n<p>\u201cApaiser le stress, \u00e9clairer le regard.\u201d \u2013 C\u00e9line Rouxel<\/p>\n<\/blockquote>\n<\/div><figure class=\"wp-block-media-text__media\"><img decoding=\"async\" width=\"999\" height=\"1024\" src=\"http:\/\/eye-c.fr\/wp-content\/uploads\/2024\/11\/20241016_162859-999x1024.jpg\" alt=\"\" class=\"wp-image-79 size-full\" srcset=\"https:\/\/eye-c.fr\/wp-content\/uploads\/2024\/11\/20241016_162859-999x1024.jpg 999w, https:\/\/eye-c.fr\/wp-content\/uploads\/2024\/11\/20241016_162859-293x300.jpg 293w, https:\/\/eye-c.fr\/wp-content\/uploads\/2024\/11\/20241016_162859-768x787.jpg 768w, https:\/\/eye-c.fr\/wp-content\/uploads\/2024\/11\/20241016_162859-1499x1536.jpg 1499w, https:\/\/eye-c.fr\/wp-content\/uploads\/2024\/11\/20241016_162859-1999x2048.jpg 1999w\" sizes=\"(max-width: 999px) 100vw, 999px\" \/><\/figure><\/div>\n<\/section>\n\n\n\n<section class=\"wp-block-group alignfull has-text-color has-global-padding is-layout-constrained wp-container-core-group-is-layout-5033db27 wp-block-group-is-layout-constrained\" style=\"color:#010101;margin-top:0px;padding-top:6.01rem;padding-right:1rem;padding-bottom:6rem;padding-left:1rem;font-size:clamp(0.875rem, 0.875rem + ((1vw - 0.2rem) * 0.425), 1.13rem);font-style:normal;font-weight:400;line-height:1.4\">\n<h2 class=\"wp-block-heading has-text-align-center has-text-color\" style=\"color:#010101;margin-top:0.51rem;margin-bottom:3.01rem;font-size:clamp(1.98rem, 1.98rem + ((1vw - 0.2rem) * 2.55), 3.51rem);font-style:normal;font-weight:500;line-height:1.3\">Les accompagnements<\/h2>\n\n\n\n<div class=\"wp-block-columns is-layout-flex wp-container-core-columns-is-layout-4e343fcb wp-block-columns-is-layout-flex\" style=\"margin-bottom:0px\">\n<div class=\"wp-block-column has-global-padding is-layout-constrained wp-container-core-column-is-layout-3cd1bc32 wp-block-column-is-layout-constrained\" style=\"padding-top:0px;padding-bottom:0px;padding-left:0rem\">\n<div class=\"wp-block-group has-text-color has-background is-vertical is-layout-flex wp-container-core-group-is-layout-e23f5c57 wp-block-group-is-layout-flex\" style=\"color:#010101;background-color:#edf1f2;padding-top:2.01rem;padding-right:1.51rem;padding-bottom:2.01rem;padding-left:1.51rem\">\n<div class=\"wp-block-group is-nowrap is-layout-flex wp-container-core-group-is-layout-5f465610 wp-block-group-is-layout-flex\">\n<h3 class=\"wp-block-heading has-text-color has-link-color wp-elements-f5df25ea1a8ed4e0223d5ce2899a245f\" style=\"color:#010101;font-size:clamp(1.098rem, 1.098rem + ((1vw - 0.2rem) * 1.02), 1.71rem);text-decoration:none\"><a href=\"#\">Accompagnement <\/a>personnalis\u00e9<\/h3>\n<\/div>\n\n\n\n<p class=\"has-text-color\" style=\"color:#010101;margin-top:0rem;margin-bottom:1.01rem;font-size:clamp(0.875rem, 0.875rem + ((1vw - 0.2rem) * 0.042), 0.9rem);line-height:1.5\">Des s\u00e9ances personnalis\u00e9es pour am\u00e9liorer votre bien-\u00eatre de mani\u00e8re holistique et vous accompagner pour mieux vivre votre vision face aux agressions de la vie actuelle (stress, \u00e9crans, pollutions&#8230;). Mon accompagnement ne remplace en aucun cas un suivi m\u00e9dical. Il est compl\u00e9mentaire. N&rsquo;h\u00e9sitez pas \u00e0 en parler avec votre m\u00e9decin!<\/p>\n\n\n\n<figure class=\"wp-block-image size-full is-resized\"><img decoding=\"async\" width=\"640\" height=\"982\" src=\"https:\/\/eye-c.fr\/wp-content\/uploads\/2024\/05\/kateryna-hliznitsova-2THdTdKs0yU-unsplash.jpg\" alt=\"\" class=\"wp-image-42\" style=\"aspect-ratio:4\/3;object-fit:cover;width:284px\" srcset=\"https:\/\/eye-c.fr\/wp-content\/uploads\/2024\/05\/kateryna-hliznitsova-2THdTdKs0yU-unsplash.jpg 640w, https:\/\/eye-c.fr\/wp-content\/uploads\/2024\/05\/kateryna-hliznitsova-2THdTdKs0yU-unsplash-196x300.jpg 196w\" sizes=\"(max-width: 640px) 100vw, 640px\" \/><\/figure>\n<\/div>\n<\/div>\n\n\n\n<div class=\"wp-block-column has-global-padding is-layout-constrained wp-container-core-column-is-layout-3cd1bc32 wp-block-column-is-layout-constrained\" style=\"padding-top:0px;padding-bottom:0px;padding-left:0rem\">\n<div class=\"wp-block-group has-text-color has-background is-vertical is-layout-flex wp-container-core-group-is-layout-e23f5c57 wp-block-group-is-layout-flex\" style=\"color:#fffffd;background-color:#528d8e;padding-top:2.01rem;padding-right:1.51rem;padding-bottom:2.01rem;padding-left:1.51rem\">\n<h3 class=\"wp-block-heading has-text-color has-link-color wp-elements-736c6916c1b2e2d60531f7407fb9e050\" style=\"color:#fffffd;font-size:clamp(1.098rem, 1.098rem + ((1vw - 0.2rem) * 1.02), 1.71rem);text-decoration:none\"><a href=\"#\">Sophrologie en groupe<\/a><\/h3>\n\n\n\n<p class=\"has-text-color\" style=\"color:#fffffd;margin-top:0rem;margin-bottom:1.01rem;font-size:clamp(0.875rem, 0.875rem + ((1vw - 0.2rem) * 0.042), 0.9rem);line-height:1.5\">Rejoignez des s\u00e9ances de sophrologie en petit groupe pour cultiver la relaxation et optimiser votre mieux-\u00eatre.<\/p>\n\n\n\n<figure class=\"wp-block-image size-full is-resized\"><img loading=\"lazy\" decoding=\"async\" width=\"1280\" height=\"853\" src=\"https:\/\/eye-c.fr\/wp-content\/uploads\/2025\/10\/chair-circle-7476558_1280.jpg\" alt=\"\" class=\"wp-image-215\" style=\"aspect-ratio:4\/3;object-fit:cover;width:284px\" srcset=\"https:\/\/eye-c.fr\/wp-content\/uploads\/2025\/10\/chair-circle-7476558_1280.jpg 1280w, https:\/\/eye-c.fr\/wp-content\/uploads\/2025\/10\/chair-circle-7476558_1280-300x200.jpg 300w, https:\/\/eye-c.fr\/wp-content\/uploads\/2025\/10\/chair-circle-7476558_1280-1024x682.jpg 1024w, https:\/\/eye-c.fr\/wp-content\/uploads\/2025\/10\/chair-circle-7476558_1280-768x512.jpg 768w\" sizes=\"(max-width: 1280px) 100vw, 1280px\" \/><\/figure>\n<\/div>\n<\/div>\n\n\n\n<div class=\"wp-block-column has-global-padding is-layout-constrained wp-container-core-column-is-layout-3cd1bc32 wp-block-column-is-layout-constrained\" style=\"padding-top:0px;padding-bottom:0px;padding-left:0rem\">\n<div class=\"wp-block-group has-text-color has-background is-vertical is-layout-flex wp-container-core-group-is-layout-e23f5c57 wp-block-group-is-layout-flex\" style=\"color:#010101;background-color:#edf1f2;padding-top:2.01rem;padding-right:1.51rem;padding-bottom:2.01rem;padding-left:1.51rem\">\n<h3 class=\"wp-block-heading has-text-color has-link-color wp-elements-c47f493036820d7ea8ab2df9346fe9b0\" style=\"color:#010101;font-size:clamp(1.098rem, 1.098rem + ((1vw - 0.2rem) * 1.02), 1.71rem);text-decoration:none\"><a href=\"#\">Ateliers d&rsquo;entreprise<\/a><\/h3>\n\n\n\n<p class=\"has-text-color\" style=\"color:#010101;margin-top:0rem;margin-bottom:1.01rem;font-size:clamp(0.875rem, 0.875rem + ((1vw - 0.2rem) * 0.042), 0.9rem);line-height:1.5\">Participez \u00e0 des ateliers en entreprise pour mieux g\u00e9rer le stress, am\u00e9liorer le confort visuel et pr\u00e9venir l&rsquo;\u00e9puisement.<\/p>\n\n\n\n<figure class=\"wp-block-image size-full is-resized\"><img loading=\"lazy\" decoding=\"async\" width=\"640\" height=\"427\" src=\"https:\/\/eye-c.fr\/wp-content\/uploads\/2024\/05\/brooke-cagle-g1Kr4Ozfoac-unsplash.jpg\" alt=\"\" class=\"wp-image-41\" style=\"aspect-ratio:4\/3;object-fit:cover;width:284px\" srcset=\"https:\/\/eye-c.fr\/wp-content\/uploads\/2024\/05\/brooke-cagle-g1Kr4Ozfoac-unsplash.jpg 640w, https:\/\/eye-c.fr\/wp-content\/uploads\/2024\/05\/brooke-cagle-g1Kr4Ozfoac-unsplash-300x200.jpg 300w\" sizes=\"(max-width: 640px) 100vw, 640px\" \/><\/figure>\n<\/div>\n<\/div>\n<\/div>\n<\/section>\n\n\n\n<section class=\"wp-block-group alignfull has-text-color has-background has-global-padding is-layout-constrained wp-container-core-group-is-layout-68a273fd wp-block-group-is-layout-constrained\" style=\"color:#010101;background-color:#edf1f2;margin-top:0px;padding-top:5.01rem;padding-right:1rem;padding-bottom:4.01rem;padding-left:1rem;font-size:clamp(0.875rem, 0.875rem + ((1vw - 0.2rem) * 0.425), 1.13rem);font-style:normal;font-weight:400;line-height:1.4\">\n<h2 class=\"wp-block-heading has-text-align-center has-text-color\" style=\"color:#010101;margin-top:0.51rem;margin-bottom:1.01rem;font-size:clamp(2.026rem, 2.026rem + ((1vw - 0.2rem) * 2.64), 3.61rem);font-style:normal;font-weight:500;line-height:1.3\">Pourquoi choisir le cabinet Eye C Sophro<\/h2>\n\n\n\n<div class=\"wp-block-columns is-layout-flex wp-container-core-columns-is-layout-686e267c wp-block-columns-is-layout-flex\" style=\"margin-bottom:0px\">\n<div class=\"wp-block-column has-global-padding is-layout-constrained wp-container-core-column-is-layout-92d29198 wp-block-column-is-layout-constrained\" style=\"padding-top:0px;padding-bottom:0px;padding-left:0rem\">\n<div class=\"wp-block-group has-text-color is-vertical is-content-justification-center is-layout-flex wp-container-core-group-is-layout-54950a31 wp-block-group-is-layout-flex\" style=\"color:#010101;padding-top:1.01rem;padding-right:1.51rem;padding-bottom:1.01rem;padding-left:1.51rem\">\n<h3 class=\"wp-block-heading has-text-align-center has-text-color has-link-color wp-elements-ca33d9c325aac875aa61d110008de4f0\" style=\"color:#010101;font-size:clamp(0.99rem, 0.99rem + ((1vw - 0.2rem) * 0.867), 1.51rem);text-decoration:none\">Expertise \u00e9prouv\u00e9e<\/h3>\n\n\n\n<p class=\"has-text-align-center has-text-color\" style=\"color:#010101;margin-top:0rem;margin-bottom:1.01rem;font-size:clamp(0.875rem, 0.875rem + ((1vw - 0.2rem) * 0.042), 0.9rem);line-height:1.5\">B\u00e9n\u00e9ficiez de l\u02bcexp\u00e9rience et de l\u02bcexpertise de plus de 15 ans dans l\u02bcaccompagnement du mieux voir et du mieux \u00eatre.<\/p>\n<\/div>\n<\/div>\n\n\n\n<div class=\"wp-block-column has-global-padding is-layout-constrained wp-container-core-column-is-layout-92d29198 wp-block-column-is-layout-constrained\" style=\"padding-top:0px;padding-bottom:0px;padding-left:0rem\">\n<div class=\"wp-block-group has-text-color is-vertical is-content-justification-center is-layout-flex wp-container-core-group-is-layout-54950a31 wp-block-group-is-layout-flex\" style=\"color:#010101;padding-top:1.01rem;padding-right:1.51rem;padding-bottom:1.01rem;padding-left:1.51rem\">\n<h3 class=\"wp-block-heading has-text-align-center has-text-color has-link-color wp-elements-e3e5850af3fe4ad386e0249372515a6e\" style=\"color:#010101;font-size:clamp(0.99rem, 0.99rem + ((1vw - 0.2rem) * 0.867), 1.51rem);text-decoration:none\">Approche holistique<\/h3>\n\n\n\n<p class=\"has-text-align-center has-text-color\" style=\"color:#010101;margin-top:0rem;margin-bottom:1.01rem;font-size:clamp(0.875rem, 0.875rem + ((1vw - 0.2rem) * 0.042), 0.9rem);line-height:1.5\">Une approche globale qui prend en compte tous les aspects de votre bien-\u00eatre, pour une transformation durable..<\/p>\n<\/div>\n<\/div>\n\n\n\n<div class=\"wp-block-column has-global-padding is-layout-constrained wp-container-core-column-is-layout-92d29198 wp-block-column-is-layout-constrained\" style=\"padding-top:0px;padding-bottom:0px;padding-left:0rem\">\n<div class=\"wp-block-group has-text-color is-vertical is-content-justification-center is-layout-flex wp-container-core-group-is-layout-54950a31 wp-block-group-is-layout-flex\" style=\"color:#010101;padding-top:1.01rem;padding-right:1.51rem;padding-bottom:1.01rem;padding-left:1.51rem\">\n<h3 class=\"wp-block-heading has-text-align-center has-text-color has-link-color wp-elements-74beb081dcd29bfc0e532a3f6e7558a7\" style=\"color:#010101;font-size:clamp(0.99rem, 0.99rem + ((1vw - 0.2rem) * 0.867), 1.51rem);text-decoration:none\">Accompagnement personnalis\u00e9<\/h3>\n\n\n\n<p class=\"has-text-align-center has-text-color\" style=\"color:#010101;margin-top:0rem;margin-bottom:1.01rem;font-size:clamp(0.875rem, 0.875rem + ((1vw - 0.2rem) * 0.042), 0.9rem);line-height:1.5\">Recevez un accompagnement personnalis\u00e9 qui r\u00e9pond sp\u00e9cifiquement \u00e0 vos besoins pour un mieux-\u00eatre optimal.<\/p>\n<\/div>\n<\/div>\n\n\n\n<div class=\"wp-block-column has-global-padding is-layout-constrained wp-container-core-column-is-layout-92d29198 wp-block-column-is-layout-constrained\" style=\"padding-top:0px;padding-bottom:0px;padding-left:0rem\">\n<div class=\"wp-block-group has-text-color is-vertical is-content-justification-center is-layout-flex wp-container-core-group-is-layout-54950a31 wp-block-group-is-layout-flex\" style=\"color:#010101;padding-top:1.01rem;padding-right:1.51rem;padding-bottom:1.01rem;padding-left:1.51rem\">\n<h3 class=\"wp-block-heading has-text-align-center has-text-color has-link-color wp-elements-3718ba4306addfa15e22852ac054cf46\" style=\"color:#010101;font-size:clamp(0.99rem, 0.99rem + ((1vw - 0.2rem) * 0.867), 1.51rem);text-decoration:none\">R\u00e9sultats durables<\/h3>\n\n\n\n<p><sub>En pratiquant r\u00e9guli\u00e8rement, obtenez des r\u00e9sultats concrets et durables de votre bien-\u00eatre g\u00e9n\u00e9ral.<\/sub><\/p>\n<\/div>\n<\/div>\n<\/div>\n<\/section>\n\n\n\n<div class=\"wp-block-group alignfull has-global-padding is-layout-constrained wp-container-core-group-is-layout-d0cc7dc7 wp-block-group-is-layout-constrained\" style=\"padding-top:5.01rem;padding-right:1.01rem;padding-bottom:4.01rem;padding-left:1.01rem\">\n<div class=\"wp-block-group has-global-padding is-layout-constrained wp-block-group-is-layout-constrained\">\n<h6 class=\"wp-block-heading has-text-align-center has-text-color\" style=\"color:#010101;font-size:clamp(1.044rem, 1.044rem + ((1vw - 0.2rem) * 0.943), 1.61rem);line-height:1.5;text-transform:none\">Dans mon cabinet \u00ab\u00a0Eye C Sophro\u00a0\u00bb, je crois sinc\u00e8rement en l&rsquo;importance de prendre soin de sa vision et de son bien-\u00eatre de mani\u00e8re holistique. Avec plus de 15 ans d&rsquo;exp\u00e9rience, je m&rsquo;engage \u00e0 offrir un accompagnement personnalis\u00e9 pour vous aider \u00e0 trouver vos meilleures ressources et cultiver un \u00e9tat de bien-\u00eatre optimal.<\/h6>\n<\/div>\n<\/div>\n\n\n\n<section class=\"wp-block-cover alignfull\" style=\"margin-top:0px;padding-top:1.01rem;padding-bottom:1.01rem;min-height:650px;aspect-ratio:unset;\"><img loading=\"lazy\" decoding=\"async\" width=\"1200\" height=\"600\" class=\"wp-block-cover__image-background wp-image-87\" alt=\"\" src=\"http:\/\/eye-c.fr\/wp-content\/uploads\/2024\/11\/769_test-1670868261.webp\" data-object-fit=\"cover\" srcset=\"https:\/\/eye-c.fr\/wp-content\/uploads\/2024\/11\/769_test-1670868261.webp 1200w, https:\/\/eye-c.fr\/wp-content\/uploads\/2024\/11\/769_test-1670868261-300x150.webp 300w, https:\/\/eye-c.fr\/wp-content\/uploads\/2024\/11\/769_test-1670868261-1024x512.webp 1024w, https:\/\/eye-c.fr\/wp-content\/uploads\/2024\/11\/769_test-1670868261-768x384.webp 768w\" sizes=\"(max-width: 1200px) 100vw, 1200px\" \/><span aria-hidden=\"true\" class=\"wp-block-cover__background has-background-dim-0 has-background-dim\" style=\"background-color:#edf1f2\"><\/span><div class=\"wp-block-cover__inner-container has-global-padding is-layout-constrained wp-container-core-cover-is-layout-08e95c49 wp-block-cover-is-layout-constrained\">\n<div class=\"wp-block-group has-text-color is-layout-flow wp-block-group-is-layout-flow\" style=\"color:#fffffd;margin-top:0px;padding-top:0rem;padding-right:1rem;padding-bottom:0rem;padding-left:1rem;font-size:clamp(0.875rem, 0.875rem + ((1vw - 0.2rem) * 0.425), 1.13rem);font-style:normal;font-weight:400;line-height:1.4\">\n<div class=\"wp-block-group has-global-padding is-layout-constrained wp-container-core-group-is-layout-92ef7b19 wp-block-group-is-layout-constrained\">\n<h2 class=\"wp-block-heading has-text-align-center has-text-color\" style=\"color:#fffffd;margin-bottom:0rem;font-size:clamp(2.336rem, 2.336rem + ((1vw - 0.2rem) * 3.29), 4.31rem);font-style:normal;font-weight:400;line-height:1.2\">Contactez-moi pour une consultation d\u00e9couverte<\/h2>\n<\/div>\n\n\n\n<div class=\"wp-block-group is-vertical is-content-justification-stretch is-nowrap is-layout-flex wp-container-core-group-is-layout-91171fc4 wp-block-group-is-layout-flex\" style=\"margin-top:1.51rem;padding-right:0px;padding-left:0px\">\n<div class=\"wp-block-group has-global-padding is-content-justification-center is-layout-constrained wp-container-core-group-is-layout-2f0bcb29 wp-block-group-is-layout-constrained\" style=\"margin-top:0px\">\n<div class=\"wp-block-buttons is-horizontal is-content-justification-right is-layout-flex wp-container-core-buttons-is-layout-099266fd wp-block-buttons-is-layout-flex\" style=\"margin-top:0.51rem\">\n<div class=\"wp-block-button has-custom-width wp-block-button__width-100 is-style-fill\"><a class=\"wp-block-button__link has-text-color has-background has-custom-font-size wp-element-button\" href=\"https:\/\/eye-c.fr\/index.php\/contact\/\" style=\"border-style:none;border-width:0px;border-radius:0rem;color:#fffffd;background-color:#528d8e;padding-top:0.81rem;padding-right:1rem;padding-bottom:0.81rem;padding-left:1rem;font-size:clamp(0.875rem, 0.875rem + ((1vw - 0.2rem) * 0.225), 1.01rem);font-style:normal;font-weight:600;line-height:1.5;text-transform:uppercase\">Contact<\/a><\/div>\n<\/div>\n<\/div>\n<\/div>\n<\/div>\n<\/div><\/section>\n\n\n\n<p>Pourquoi vous accompagner avec la sophrologie?<\/p>\n\n\n\n<p><\/p>\n","protected":false},"excerpt":{"rendered":"<p>Je suis C\u00e9line Rouxel, Sophrologue &amp; ancienne opticienne Apr\u00e8s plus de 15 ans dans le monde de l\u2019optique, sp\u00e9cialis\u00e9e en optom\u00e9trie, contactologie et basse vision, j\u2019ai observ\u00e9 \u00e0 quel point les troubles visuels s\u2019accompagnent souvent de tension, d\u2019inqui\u00e9tude, voire de peur.Cette dimension \u00e9motionnelle est pourtant rarement prise en compte. C\u2019est ce constat qui m\u2019a amen\u00e9e [&hellip;]<\/p>\n","protected":false},"author":1,"featured_media":132,"parent":0,"menu_order":0,"comment_status":"closed","ping_status":"closed","template":"","meta":{"episode_type":"","audio_file":"","cover_image":"","cover_image_id":"","duration":"","filesize":"","filesize_raw":"","date_recorded":"","explicit":"","block":"","itunes_episode_number":"","itunes_title":"","itunes_season_number":"","itunes_episode_type":"","footnotes":""},"class_list":["post-7","page","type-page","status-publish","has-post-thumbnail","hentry"],"_links":{"self":[{"href":"https:\/\/eye-c.fr\/index.php\/wp-json\/wp\/v2\/pages\/7","targetHints":{"allow":["GET"]}}],"collection":[{"href":"https:\/\/eye-c.fr\/index.php\/wp-json\/wp\/v2\/pages"}],"about":[{"href":"https:\/\/eye-c.fr\/index.php\/wp-json\/wp\/v2\/types\/page"}],"author":[{"embeddable":true,"href":"https:\/\/eye-c.fr\/index.php\/wp-json\/wp\/v2\/users\/1"}],"replies":[{"embeddable":true,"href":"https:\/\/eye-c.fr\/index.php\/wp-json\/wp\/v2\/comments?post=7"}],"version-history":[{"count":32,"href":"https:\/\/eye-c.fr\/index.php\/wp-json\/wp\/v2\/pages\/7\/revisions"}],"predecessor-version":[{"id":244,"href":"https:\/\/eye-c.fr\/index.php\/wp-json\/wp\/v2\/pages\/7\/revisions\/244"}],"wp:featuredmedia":[{"embeddable":true,"href":"https:\/\/eye-c.fr\/index.php\/wp-json\/wp\/v2\/media\/132"}],"wp:attachment":[{"href":"https:\/\/eye-c.fr\/index.php\/wp-json\/wp\/v2\/media?parent=7"}],"curies":[{"name":"wp","href":"https:\/\/api.w.org\/{rel}","templated":true}]}}