{"id":142,"date":"2025-10-24T16:27:38","date_gmt":"2025-10-24T14:27:38","guid":{"rendered":"https:\/\/eye-c.fr\/?page_id=142"},"modified":"2025-10-24T16:27:38","modified_gmt":"2025-10-24T14:27:38","slug":"valeurs-et-deontologie","status":"publish","type":"page","link":"https:\/\/eye-c.fr\/index.php\/valeurs-et-deontologie\/","title":{"rendered":"Valeurs et d\u00e9ontologie"},"content":{"rendered":"\n<div class=\"wp-block-group alignfull has-accent-background-color has-background has-global-padding is-layout-constrained wp-container-core-group-is-layout-669513ed wp-block-group-is-layout-constrained\" style=\"margin-top:0;margin-bottom:0;padding-top:var(--wp--preset--spacing--50);padding-right:var(--wp--preset--spacing--50);padding-bottom:var(--wp--preset--spacing--50);padding-left:var(--wp--preset--spacing--50)\">\n<div class=\"wp-block-columns alignwide is-layout-flex wp-container-core-columns-is-layout-1da03c2a wp-block-columns-is-layout-flex\">\n<div class=\"wp-block-column is-vertically-aligned-stretch is-layout-flow wp-block-column-is-layout-flow\" style=\"flex-basis:50%\">\n<div class=\"wp-block-group is-vertical is-content-justification-stretch is-layout-flex wp-container-core-group-is-layout-444d5ee8 wp-block-group-is-layout-flex\" style=\"min-height:100%\">\n<p class=\"has-heading-font-family has-x-large-font-size\" style=\"line-height:1.2\">Bienveillance, Respect et Honn\u00eatet\u00e9 sont des valeurs primordiales pour moi. <\/p>\n\n\n\n<p class=\"has-heading-font-family has-x-large-font-size\" style=\"line-height:1.2\">Depuis toujours, elles me permettent d&rsquo;\u00e9tablir mes propres limites et de savoir qui je suis. <\/p>\n\n\n\n<p class=\"has-heading-font-family has-x-large-font-size\" style=\"line-height:1.2\">Je retrouve ces valeurs dans ma pratique et dans le code de d\u00e9ontologie de la Chambre Syndicale de la Sophrologie auxquelles j&rsquo;adh\u00e8re en tant que membre. <\/p>\n\n\n\n<p class=\"has-heading-font-family has-x-large-font-size\" style=\"line-height:1.2\">Le non jugement et la confidentialit\u00e9 sont \u00e9galement deux valeurs essentielles que je partage.<\/p>\n\n\n\n<p class=\"has-heading-font-family has-x-large-font-size\" style=\"line-height:1.2\">Ainsi, dans ma pratique, soyez assur\u00e9 de mon respect le plus sinc\u00e8re de votre personne, de votre v\u00e9cu et de la confidentialit\u00e9 de tous les \u00e9changes que nous aurons, \u00e9crits et oraux.<\/p>\n\n\n\n<div class=\"wp-block-group has-global-padding is-content-justification-left is-layout-constrained wp-container-core-group-is-layout-9fe8ed88 wp-block-group-is-layout-constrained\">\n<div class=\"wp-block-buttons is-layout-flex wp-block-buttons-is-layout-flex\">\n<div class=\"wp-block-button\"><a class=\"wp-block-button__link wp-element-button\" href=\"https:\/\/www.chambre-syndicale-sophrologie.fr\/deontologie-sophrologie\/\">Chambre Syndicale de la Sophrologie<\/a><\/div>\n<\/div>\n<\/div>\n<\/div>\n<\/div>\n\n\n\n<div class=\"wp-block-column is-vertically-aligned-center is-layout-flow wp-block-column-is-layout-flow\" style=\"flex-basis:50%\">\n<figure class=\"wp-block-image is-resized is-style-rounded is-style-rounded--1\"><img decoding=\"async\" width=\"190\" height=\"190\" src=\"https:\/\/eye-c.fr\/wp-content\/uploads\/2025\/01\/logo-JPG-basse-def-chambre-syndicale-sophrologie-edited.jpg\" alt=\"\" class=\"wp-image-144\" style=\"width:657px;height:auto\" srcset=\"https:\/\/eye-c.fr\/wp-content\/uploads\/2025\/01\/logo-JPG-basse-def-chambre-syndicale-sophrologie-edited.jpg 190w, https:\/\/eye-c.fr\/wp-content\/uploads\/2025\/01\/logo-JPG-basse-def-chambre-syndicale-sophrologie-edited-150x150.jpg 150w\" sizes=\"(max-width: 190px) 100vw, 190px\" \/><\/figure>\n<\/div>\n<\/div>\n<\/div>\n\n\n\n<div class=\"wp-block-group alignfull has-base-background-color has-background has-global-padding is-layout-constrained wp-container-core-group-is-layout-d89aad35 wp-block-group-is-layout-constrained\" style=\"margin-top:0;margin-bottom:0;padding-top:var(--wp--preset--spacing--50);padding-right:var(--wp--preset--spacing--50);padding-bottom:var(--wp--preset--spacing--50);padding-left:var(--wp--preset--spacing--50)\">\n<div class=\"wp-block-columns alignwide is-layout-flex wp-container-core-columns-is-layout-549b0c86 wp-block-columns-is-layout-flex\">\n<div class=\"wp-block-column has-global-padding is-content-justification-left is-layout-constrained wp-container-core-column-is-layout-4f15e8fe wp-block-column-is-layout-constrained\" style=\"flex-basis:40%\">\n<p>CODE DE D\u00c9ONTOLOGIE DES SOPHROLOGUES<\/p>\n<\/div>\n\n\n\n<div class=\"wp-block-column is-layout-flow wp-container-core-column-is-layout-119bc444 wp-block-column-is-layout-flow\" style=\"flex-basis:60%\">\n<p class=\"has-heading-font-family has-x-large-font-size\" style=\"line-height:1.2\">Le pr\u00e9sent code de d\u00e9ontologie est le socle commun des sophrologues adh\u00e9rents de la Chambre Syndicale de la Sophrologie. <\/p>\n\n\n\n<p class=\"has-heading-font-family has-x-large-font-size\" style=\"line-height:1.2\">Il d\u00e9finit leurs engagements envers le public, leurs clients et la profession.<\/p>\n\n\n\n<p class=\"has-heading-font-family has-x-large-font-size\" style=\"line-height:1.2\">Ce code de d\u00e9ontologie garantit l\u2019\u00e9thique professionnelle des sophrologues.<\/p>\n\n\n\n<div class=\"wp-block-columns is-layout-flex wp-container-core-columns-is-layout-87beb0d0 wp-block-columns-is-layout-flex\">\n<div class=\"wp-block-column is-layout-flow wp-block-column-is-layout-flow\">\n<p class=\"wp-container-content-9cfa9a5a\"><strong>Article 1<br><\/strong>Les sophrologues s\u2019engagent \u00e0 affirmer l\u2019\u00e9galit\u00e9 entre les personnes et \u00e0 en respecter l\u2019originalit\u00e9 et la dignit\u00e9.<\/p>\n\n\n\n<p><strong>Article 2<br><\/strong>Les sophrologues s\u2019engagent \u00e0 interdire toute propagande ou pros\u00e9lytisme religieux ou id\u00e9ologique au sein de leurs cabinets ou lieux d\u2019intervention. Ils s\u2019engagent \u00e0 lutter contre toutes les d\u00e9rives sectaires dont ils seraient t\u00e9moins.<\/p>\n\n\n\n<p><strong>Article 3<br><\/strong>Les sophrologues s\u2019engagent \u00e0 respecter et \u00e0 prot\u00e9ger l\u2019int\u00e9grit\u00e9 physique et psychique des personnes sous leur responsabilit\u00e9.<\/p>\n\n\n\n<p><strong>Article 4<br><\/strong>Les sophrologues s\u2019engagent \u00e0 respecter la confidentialit\u00e9 des informations collect\u00e9es durant leurs accompagnements individuels ou de groupes.<\/p>\n\n\n\n<p><strong>Article 5<br><\/strong>Les sophrologues s\u2019engagent \u00e0 respecter et \u00e0 faire respecter la l\u00e9gislation en vigueur.<\/p>\n\n\n\n<p><strong>Article 6<br><\/strong>Les sophrologues s\u2019engagent \u00e0 actualiser r\u00e9guli\u00e8rement leurs savoirs et leurs comp\u00e9tences afin de r\u00e9pondre aux attentes du public et aux \u00e9volutions de la sophrologie.<\/p>\n\n\n\n<p><strong>Article 7<br><\/strong>Les sophrologues s\u2019engagent \u00e0 diffuser des offres claires et compr\u00e9hensibles par le public. Ces offres doivent d\u00e9finir les modalit\u00e9s d\u2019accompagnement, les objectifs vis\u00e9s et les limites de la sophrologie.<\/p>\n\n\n\n<p><strong>Article 8<br><\/strong>Les sophrologues s\u2019engagent \u00e0 ne pas diffuser d\u2019informations pouvant induire le public ou les m\u00e9dias en erreur ou nuisant \u00e0 l\u2019image de la profession.<\/p>\n\n\n\n<p><\/p>\n<\/div>\n\n\n\n<div class=\"wp-block-column is-layout-flow wp-block-column-is-layout-flow\">\n<p><strong>Article 9<br><\/strong>Les sophrologues s\u2019engagent \u00e0 user de leur droit de rectification aupr\u00e8s des m\u00e9dias afin de contribuer au s\u00e9rieux des informations communiqu\u00e9es au public sur la sophrologie.<\/p>\n\n\n\n<p><strong>Article 10<br><\/strong>Les sophrologues s\u2019engagent \u00e0 respecter les concepts et principes g\u00e9n\u00e9raux de la sophrologie. Ils s\u2019engagent \u00e9galement \u00e0 ne pas d\u00e9naturer ou amalgamer la sophrologie avec d\u2019autres techniques sans que leurs clients en soient avertis.<\/p>\n\n\n\n<p><strong>Article 11<br><\/strong>Les sophrologues s\u2019engagent \u00e0 respecter les limites de leurs comp\u00e9tences et \u00e0 orienter leurs clients vers un autre professionnel lorsque ceux-ci n\u00e9cessitent un traitement ou une aide th\u00e9rapeutique ne relevant pas de leurs comp\u00e9tences.<\/p>\n\n\n\n<p><strong>Article 12<br><\/strong>Les sophrologues s\u2019engagent \u00e0 ne pas se substituer aux professionnels de sant\u00e9, \u00e0 ne pas prodiguer de diagnostic, de prescriptions m\u00e9dicales et \u00e0 ne pas interf\u00e9rer avec des traitements m\u00e9dicaux en cours.<\/p>\n\n\n\n<p><strong>Article 13<br><\/strong>Les sophrologues s\u2019engagent \u00e0 conserver leur \u00e9thique professionnelle lorsqu\u2019ils interviennent sous l\u2019autorit\u00e9 d\u2019une entreprise ou d\u2019un organisme.<\/p>\n\n\n\n<p><strong>Article 14<br><\/strong>Les sophrologues s\u2019engagent, dans la mesure du possible, \u00e0 proposer un confr\u00e8re \u00e0 leurs clients lorsqu\u2019ils seront dans l\u2019impossibilit\u00e9 de fournir leurs services.<\/p>\n\n\n\n<p><strong>Article 15<br><\/strong>Les sophrologues s\u2019engagent \u00e0 entretenir des relations confraternelles de respect et de courtoisie, d\u2019honn\u00eatet\u00e9 et de bonne foi avec les autres sophrologues.<\/p>\n\n\n\n<p><strong>Article 16<br><\/strong>Tout sophrologue qui ne respecterait pas le pr\u00e9sent code pourrait se voir exclu de la Chambre Syndicale de Sophrologie.<\/p>\n\n\n\n<p><strong>Version du 22 avril 2021<\/strong><\/p>\n<\/div>\n<\/div>\n<\/div>\n<\/div>\n<\/div>\n\n\n\n<div class=\"wp-block-group alignfull has-global-padding is-layout-constrained wp-container-core-group-is-layout-669513ed wp-block-group-is-layout-constrained\" style=\"margin-top:0;margin-bottom:0;padding-top:var(--wp--preset--spacing--50);padding-right:var(--wp--preset--spacing--50);padding-bottom:var(--wp--preset--spacing--50);padding-left:var(--wp--preset--spacing--50)\"><\/div>\n","protected":false},"excerpt":{"rendered":"<p>Bienveillance, Respect et Honn\u00eatet\u00e9 sont des valeurs primordiales pour moi. Depuis toujours, elles me permettent d&rsquo;\u00e9tablir mes propres limites et de savoir qui je suis. Je retrouve ces valeurs dans ma pratique et dans le code de d\u00e9ontologie de la Chambre Syndicale de la Sophrologie auxquelles j&rsquo;adh\u00e8re en tant que membre. Le non jugement et [&hellip;]<\/p>\n","protected":false},"author":1,"featured_media":0,"parent":0,"menu_order":0,"comment_status":"closed","ping_status":"closed","template":"","meta":{"episode_type":"","audio_file":"","cover_image":"","cover_image_id":"","duration":"","filesize":"","filesize_raw":"","date_recorded":"","explicit":"","block":"","itunes_episode_number":"","itunes_title":"","itunes_season_number":"","itunes_episode_type":"","footnotes":""},"class_list":["post-142","page","type-page","status-publish","hentry"],"_links":{"self":[{"href":"https:\/\/eye-c.fr\/index.php\/wp-json\/wp\/v2\/pages\/142","targetHints":{"allow":["GET"]}}],"collection":[{"href":"https:\/\/eye-c.fr\/index.php\/wp-json\/wp\/v2\/pages"}],"about":[{"href":"https:\/\/eye-c.fr\/index.php\/wp-json\/wp\/v2\/types\/page"}],"author":[{"embeddable":true,"href":"https:\/\/eye-c.fr\/index.php\/wp-json\/wp\/v2\/users\/1"}],"replies":[{"embeddable":true,"href":"https:\/\/eye-c.fr\/index.php\/wp-json\/wp\/v2\/comments?post=142"}],"version-history":[{"count":3,"href":"https:\/\/eye-c.fr\/index.php\/wp-json\/wp\/v2\/pages\/142\/revisions"}],"predecessor-version":[{"id":155,"href":"https:\/\/eye-c.fr\/index.php\/wp-json\/wp\/v2\/pages\/142\/revisions\/155"}],"wp:attachment":[{"href":"https:\/\/eye-c.fr\/index.php\/wp-json\/wp\/v2\/media?parent=142"}],"curies":[{"name":"wp","href":"https:\/\/api.w.org\/{rel}","templated":true}]}}