{"id":12,"date":"2024-05-31T10:13:44","date_gmt":"2024-05-31T08:13:44","guid":{"rendered":"https:\/\/eye-c.fr\/?page_id=12"},"modified":"2026-01-23T15:23:22","modified_gmt":"2026-01-23T14:23:22","slug":"services","status":"publish","type":"page","link":"https:\/\/eye-c.fr\/index.php\/services\/","title":{"rendered":"Accompagnements"},"content":{"rendered":"\n<div class=\"wp-block-cover alignfull is-light wp-duotone-unset-1\" style=\"min-height:350px;aspect-ratio:unset;\"><img fetchpriority=\"high\" decoding=\"async\" width=\"2560\" height=\"2129\" class=\"wp-block-cover__image-background wp-image-75\" alt=\"\" src=\"http:\/\/eye-c.fr\/wp-content\/uploads\/2024\/11\/20241016_164245-scaled.jpg\" data-object-fit=\"cover\" srcset=\"https:\/\/eye-c.fr\/wp-content\/uploads\/2024\/11\/20241016_164245-scaled.jpg 2560w, https:\/\/eye-c.fr\/wp-content\/uploads\/2024\/11\/20241016_164245-300x250.jpg 300w, https:\/\/eye-c.fr\/wp-content\/uploads\/2024\/11\/20241016_164245-1024x852.jpg 1024w, https:\/\/eye-c.fr\/wp-content\/uploads\/2024\/11\/20241016_164245-768x639.jpg 768w, https:\/\/eye-c.fr\/wp-content\/uploads\/2024\/11\/20241016_164245-1536x1278.jpg 1536w, https:\/\/eye-c.fr\/wp-content\/uploads\/2024\/11\/20241016_164245-2048x1703.jpg 2048w\" sizes=\"(max-width: 2560px) 100vw, 2560px\" \/><span aria-hidden=\"true\" class=\"wp-block-cover__background has-background-dim-20 has-background-dim\" style=\"background-color:#8d8379\"><\/span><div class=\"wp-block-cover__inner-container has-global-padding is-layout-constrained wp-container-core-cover-is-layout-4383d167 wp-block-cover-is-layout-constrained\">\n<h2 class=\"wp-block-heading has-text-align-center has-text-color has-link-color has-suranna-font-family wp-elements-9dcfe27653162214b4f3d4c9b7d981d0\" style=\"color:#ffffff;font-size:clamp(33.419px, 2.089rem + ((1vw - 3.2px) * 2.769), 60px);font-style:normal;font-weight:500\">Accompagnements<\/h2>\n<\/div><\/div>\n\n\n\n<div class=\"wp-block-group alignfull has-global-padding is-layout-constrained wp-container-core-group-is-layout-4383d167 wp-block-group-is-layout-constrained\">\n<div class=\"wp-block-group alignwide has-global-padding is-layout-constrained wp-container-core-group-is-layout-3dead192 wp-block-group-is-layout-constrained\" style=\"margin-top:0;margin-bottom:0;padding-top:80px;padding-bottom:80px\">\n<div class=\"wp-block-columns alignwide is-layout-flex wp-container-core-columns-is-layout-9cf8123d wp-block-columns-is-layout-flex\">\n<div class=\"wp-block-column is-layout-flow wp-block-column-is-layout-flow\">\n<figure class=\"wp-block-image size-full\"><img decoding=\"async\" width=\"640\" height=\"982\" src=\"http:\/\/eye-c.fr\/wp-content\/uploads\/2024\/05\/kateryna-hliznitsova-2THdTdKs0yU-unsplash.jpg\" alt=\"\" class=\"wp-image-42\" style=\"aspect-ratio:4\/3;object-fit:cover\" srcset=\"https:\/\/eye-c.fr\/wp-content\/uploads\/2024\/05\/kateryna-hliznitsova-2THdTdKs0yU-unsplash.jpg 640w, https:\/\/eye-c.fr\/wp-content\/uploads\/2024\/05\/kateryna-hliznitsova-2THdTdKs0yU-unsplash-196x300.jpg 196w\" sizes=\"(max-width: 640px) 100vw, 640px\" \/><\/figure>\n<\/div>\n\n\n\n<div class=\"wp-block-column is-vertically-aligned-center is-layout-flow wp-block-column-is-layout-flow\" style=\"padding-left:15px\">\n<h2 class=\"wp-block-heading has-text-color has-link-color has-suranna-font-family wp-elements-9e1cc69066e84565dd91913abd1ca97a\" style=\"color:#000000;font-size:clamp(32.518px, 2.032rem + ((1vw - 3.2px) * 2.654), 58px);font-style:normal;font-weight:500;line-height:0.7\">S\u00e9ances individuelles<\/h2>\n\n\n\n<p class=\"has-text-color has-link-color has-outfit-font-family wp-elements-16889e1d562fe8893021e6f883d17782\" style=\"color:#000000;font-size:clamp(14px, 0.875rem + ((1vw - 3.2px) * 0.417), 18px);font-style:normal;font-weight:400\">D\u00e9couvrez les s\u00e9ances individuelles, con\u00e7ues pour vous offrir un accompagnement personnalis\u00e9 et adapt\u00e9 \u00e0 vos besoins uniques. Gr\u00e2ce \u00e0  la sophrologie, je vous guiderai pour am\u00e9liorer votre bien-\u00eatre. Chaque s\u00e9ance est une opportunit\u00e9 de vous reconnecter \u00e0 vous m\u00eame et de trouver l&rsquo;harmonie int\u00e9rieure. R\u00e9servez votre s\u00e9ance d\u00e8s aujourd\u02bchui et prenez le chemin vers une vision plus claire et un esprit plus serein.<\/p>\n\n\n\n<p>65\u20ac la s\u00e9ance<\/p>\n\n\n\n<p>L&rsquo;accompagnement comprend la s\u00e9ance d\u00e9couverte d&rsquo;1h30, + le nombre de s\u00e9ances d&rsquo;une heure qu&rsquo;il vous sera n\u00e9cessaire \u00e0 d\u00e9finir ensemble <\/p>\n\n\n\n<div class=\"wp-block-buttons is-layout-flex wp-block-buttons-is-layout-flex\">\n<div class=\"wp-block-button\"><a class=\"wp-block-button__link has-text-color has-background has-link-color has-outfit-font-family has-custom-font-size wp-element-button\" href=\"#\" style=\"border-radius:0px;color:#ffffff;background-color:#528d8e;padding-top:8px;padding-right:60px;padding-bottom:8px;padding-left:60px;font-size:clamp(14px, 0.875rem + ((1vw - 3.2px) * 0.417), 18px);\">R\u00e9server maintenant<\/a><\/div>\n<\/div>\n<\/div>\n<\/div>\n\n\n\n<div class=\"wp-block-columns alignwide is-layout-flex wp-container-core-columns-is-layout-f9472849 wp-block-columns-is-layout-flex\" style=\"padding-top:80px;padding-bottom:80px\">\n<div class=\"wp-block-column is-vertically-aligned-center is-layout-flow wp-block-column-is-layout-flow\" style=\"padding-right:15px\">\n<h2 class=\"wp-block-heading has-text-color has-link-color has-suranna-font-family wp-elements-9137b015a4f0d90d03d6afc4c60039f3\" style=\"color:#000000;font-size:clamp(32.518px, 2.032rem + ((1vw - 3.2px) * 2.654), 58px);font-style:normal;font-weight:500;line-height:0.7\">Sophrologie en groupe<\/h2>\n\n\n\n<p class=\"has-text-color has-link-color has-outfit-font-family wp-elements-794fa994ba91f880018ed59ea0d4bea6\" style=\"color:#000000;font-size:clamp(14px, 0.875rem + ((1vw - 3.2px) * 0.417), 18px);font-style:normal;font-weight:400\">Plongez dans l&rsquo;exp\u00e9rience de la sophrologie en groupe (3 \u00e0 5 personnes), o\u00f9 vous pourrez vous connecter avec d&rsquo;autres personnes partageant les m\u00eames objectifs de mieux-\u00eatre. Rejoignez les s\u00e9ances de groupe pour d\u00e9couvrir des techniques de relaxation et de visualisation, guid\u00e9es par mon expertise professionnelle. Ensemble, nous cr\u00e9ons un espace de soutien et d&rsquo;harmonie, propice \u00e0 l&rsquo;am\u00e9lioration de votre bien-\u00eatre global. Rejoignez nous pour des s\u00e9ances enrichissantes qui vous permettront de cultiver une vision claire et un esprit \u00e9quilibr\u00e9.<\/p>\n\n\n\n<p>20\u20ac la s\u00e9ance<\/p>\n\n\n\n<p>150\u20ac la carte de 10 s\u00e9ances de groupe<\/p>\n\n\n\n<div class=\"wp-block-buttons is-layout-flex wp-block-buttons-is-layout-flex\">\n<div class=\"wp-block-button\"><a class=\"wp-block-button__link has-text-color has-background has-link-color has-outfit-font-family has-custom-font-size wp-element-button\" href=\"https:\/\/calendly.com\/eyecsophro\/60min\" style=\"border-radius:0px;color:#ffffff;background-color:#528d8e;padding-top:8px;padding-right:60px;padding-bottom:8px;padding-left:60px;font-size:clamp(14px, 0.875rem + ((1vw - 3.2px) * 0.417), 18px);\">D\u00e9couvrir l&rsquo;exp\u00e9rience<\/a><\/div>\n<\/div>\n<\/div>\n\n\n\n<div class=\"wp-block-column is-layout-flow wp-block-column-is-layout-flow\">\n<figure class=\"wp-block-image size-full\"><img decoding=\"async\" width=\"2560\" height=\"1707\" src=\"https:\/\/eye-c.fr\/wp-content\/uploads\/2025\/01\/pexels-shkrabaanthony-7579304-scaled.jpg\" alt=\"\" class=\"wp-image-148\" style=\"aspect-ratio:4\/3;object-fit:cover\" srcset=\"https:\/\/eye-c.fr\/wp-content\/uploads\/2025\/01\/pexels-shkrabaanthony-7579304-scaled.jpg 2560w, https:\/\/eye-c.fr\/wp-content\/uploads\/2025\/01\/pexels-shkrabaanthony-7579304-300x200.jpg 300w, https:\/\/eye-c.fr\/wp-content\/uploads\/2025\/01\/pexels-shkrabaanthony-7579304-1024x683.jpg 1024w, https:\/\/eye-c.fr\/wp-content\/uploads\/2025\/01\/pexels-shkrabaanthony-7579304-768x512.jpg 768w, https:\/\/eye-c.fr\/wp-content\/uploads\/2025\/01\/pexels-shkrabaanthony-7579304-1536x1024.jpg 1536w, https:\/\/eye-c.fr\/wp-content\/uploads\/2025\/01\/pexels-shkrabaanthony-7579304-2048x1365.jpg 2048w\" sizes=\"(max-width: 2560px) 100vw, 2560px\" \/><\/figure>\n<\/div>\n<\/div>\n\n\n\n<div class=\"wp-block-columns alignwide is-layout-flex wp-container-core-columns-is-layout-9cf8123d wp-block-columns-is-layout-flex\">\n<div class=\"wp-block-column is-layout-flow wp-block-column-is-layout-flow\">\n<figure class=\"wp-block-image size-full\"><img loading=\"lazy\" decoding=\"async\" width=\"640\" height=\"960\" src=\"https:\/\/eye-c.fr\/wp-content\/uploads\/2024\/05\/rachel-moenning-zjxYwd4HOu0-unsplash.jpg\" alt=\"\" class=\"wp-image-54\" style=\"aspect-ratio:4\/3;object-fit:cover\" srcset=\"https:\/\/eye-c.fr\/wp-content\/uploads\/2024\/05\/rachel-moenning-zjxYwd4HOu0-unsplash.jpg 640w, https:\/\/eye-c.fr\/wp-content\/uploads\/2024\/05\/rachel-moenning-zjxYwd4HOu0-unsplash-200x300.jpg 200w\" sizes=\"(max-width: 640px) 100vw, 640px\" \/><\/figure>\n<\/div>\n\n\n\n<div class=\"wp-block-column is-vertically-aligned-center is-layout-flow wp-block-column-is-layout-flow\" style=\"padding-left:15px\">\n<h2 class=\"wp-block-heading has-text-color has-link-color has-suranna-font-family wp-elements-7ec73ee4f1f3f323459494274ac82133\" style=\"color:#000000;font-size:clamp(32.518px, 2.032rem + ((1vw - 3.2px) * 2.654), 58px);font-style:normal;font-weight:500;line-height:0.7\">Ateliers d&rsquo;entreprise<\/h2>\n\n\n\n<p class=\"has-text-color has-link-color has-outfit-font-family wp-elements-f4d4a03fc3670d0db20cb68375726e7f\" style=\"color:#000000;font-size:clamp(14px, 0.875rem + ((1vw - 3.2px) * 0.417), 18px);font-style:normal;font-weight:400\">D\u00e9couvrez les ateliers d&rsquo;entreprise, con\u00e7us pour aborder les th\u00e9matiques du stress, de la vision (\u00ab\u00a0coucou les heures pass\u00e9es derri\u00e8re un \u00e9cran!\u00a0\u00bb) et du burn-out. Ces ateliers offrent une opportunit\u00e9 pr\u00e9cieuse d&rsquo;investir dans le bien-\u00eatre de vos employ\u00e9s, en leur fournissant des outils pratiques pour g\u00e9rer le stress, am\u00e9liorer leur vision et pr\u00e9venir l&rsquo;\u00e9puisement professionnel. Gr\u00e2ce \u00e0 mon expertise en optique et en sophrologie, ces ateliers proposent des solutions innovantes pour favoriser un environnement de travail sain et \u00e9quilibr\u00e9. Investissez dans le bien-\u00eatre de vos employ\u00e9s d\u00e8s aujourd&rsquo;hui pour des performances optimales et un personnel \u00e9panoui..<\/p>\n\n\n\n<p>Tarif sur devis<\/p>\n\n\n\n<div class=\"wp-block-buttons is-layout-flex wp-block-buttons-is-layout-flex\">\n<div class=\"wp-block-button\"><a class=\"wp-block-button__link has-text-color has-background has-link-color has-outfit-font-family has-custom-font-size wp-element-button\" href=\"https:\/\/www.linkedin.com\/posts\/eye-c-sophro_mieux-voir-mieux-se-poser-mieux-travailler-activity-7420452326332755968-vgXO?utm_source=share&amp;utm_medium=member_desktop&amp;rcm=ACoAACsFuKUBZsAsuBOtp56TW9gMyVvm4bz7a7Y\" style=\"border-radius:0px;color:#ffffff;background-color:#528d8e;padding-top:8px;padding-right:60px;padding-bottom:8px;padding-left:60px;font-size:clamp(14px, 0.875rem + ((1vw - 3.2px) * 0.417), 18px);\">En savoir plus<\/a><\/div>\n<\/div>\n<\/div>\n<\/div>\n<\/div>\n<\/div>\n\n\n\n<section class=\"wp-block-cover alignfull is-light\" style=\"margin-top:0px;padding-top:1.01rem;padding-bottom:1.01rem;min-height:750px;aspect-ratio:unset;\"><img loading=\"lazy\" decoding=\"async\" width=\"1920\" height=\"1280\" class=\"wp-block-cover__image-background wp-image-39\" alt=\"\" src=\"http:\/\/eye-c.fr\/wp-content\/uploads\/2024\/05\/drew-beamer-xU5Mqq0Chck-unsplash.jpg\" data-object-fit=\"cover\" srcset=\"https:\/\/eye-c.fr\/wp-content\/uploads\/2024\/05\/drew-beamer-xU5Mqq0Chck-unsplash.jpg 1920w, https:\/\/eye-c.fr\/wp-content\/uploads\/2024\/05\/drew-beamer-xU5Mqq0Chck-unsplash-300x200.jpg 300w, https:\/\/eye-c.fr\/wp-content\/uploads\/2024\/05\/drew-beamer-xU5Mqq0Chck-unsplash-1024x683.jpg 1024w, https:\/\/eye-c.fr\/wp-content\/uploads\/2024\/05\/drew-beamer-xU5Mqq0Chck-unsplash-768x512.jpg 768w, https:\/\/eye-c.fr\/wp-content\/uploads\/2024\/05\/drew-beamer-xU5Mqq0Chck-unsplash-1536x1024.jpg 1536w\" sizes=\"(max-width: 1920px) 100vw, 1920px\" \/><span aria-hidden=\"true\" class=\"wp-block-cover__background has-background-dim-0 has-background-dim\" style=\"background-color:#edf1f2\"><\/span><div class=\"wp-block-cover__inner-container has-global-padding is-layout-constrained wp-container-core-cover-is-layout-08e95c49 wp-block-cover-is-layout-constrained\">\n<div class=\"wp-block-group is-vertical is-content-justification-center is-nowrap is-layout-flex wp-container-core-group-is-layout-36c4bdba wp-block-group-is-layout-flex\" style=\"margin-top:0px;padding-top:0rem;padding-right:1rem;padding-bottom:0rem;padding-left:1rem;font-size:clamp(0.875rem, 0.875rem + ((1vw - 0.2rem) * 0.425), 1.13rem);font-style:normal;font-weight:400;line-height:1.4\"><\/div>\n<\/div><\/section>\n","protected":false},"excerpt":{"rendered":"<p>S\u00e9ances individuelles D\u00e9couvrez les s\u00e9ances individuelles, con\u00e7ues pour vous offrir un accompagnement personnalis\u00e9 et adapt\u00e9 \u00e0 vos besoins uniques. Gr\u00e2ce \u00e0 la sophrologie, je vous guiderai pour am\u00e9liorer votre bien-\u00eatre. Chaque s\u00e9ance est une opportunit\u00e9 de vous reconnecter \u00e0 vous m\u00eame et de trouver l&rsquo;harmonie int\u00e9rieure. R\u00e9servez votre s\u00e9ance d\u00e8s aujourd\u02bchui et prenez le chemin [&hellip;]<\/p>\n","protected":false},"author":1,"featured_media":0,"parent":0,"menu_order":0,"comment_status":"closed","ping_status":"closed","template":"","meta":{"episode_type":"","audio_file":"","cover_image":"","cover_image_id":"","duration":"","filesize":"","filesize_raw":"","date_recorded":"","explicit":"","block":"","itunes_episode_number":"","itunes_title":"","itunes_season_number":"","itunes_episode_type":"","footnotes":""},"class_list":["post-12","page","type-page","status-publish","hentry"],"_links":{"self":[{"href":"https:\/\/eye-c.fr\/index.php\/wp-json\/wp\/v2\/pages\/12","targetHints":{"allow":["GET"]}}],"collection":[{"href":"https:\/\/eye-c.fr\/index.php\/wp-json\/wp\/v2\/pages"}],"about":[{"href":"https:\/\/eye-c.fr\/index.php\/wp-json\/wp\/v2\/types\/page"}],"author":[{"embeddable":true,"href":"https:\/\/eye-c.fr\/index.php\/wp-json\/wp\/v2\/users\/1"}],"replies":[{"embeddable":true,"href":"https:\/\/eye-c.fr\/index.php\/wp-json\/wp\/v2\/comments?post=12"}],"version-history":[{"count":17,"href":"https:\/\/eye-c.fr\/index.php\/wp-json\/wp\/v2\/pages\/12\/revisions"}],"predecessor-version":[{"id":243,"href":"https:\/\/eye-c.fr\/index.php\/wp-json\/wp\/v2\/pages\/12\/revisions\/243"}],"wp:attachment":[{"href":"https:\/\/eye-c.fr\/index.php\/wp-json\/wp\/v2\/media?parent=12"}],"curies":[{"name":"wp","href":"https:\/\/api.w.org\/{rel}","templated":true}]}}