{"id":10,"date":"2024-05-31T10:13:30","date_gmt":"2024-05-31T08:13:30","guid":{"rendered":"https:\/\/eye-c.fr\/?page_id=10"},"modified":"2026-01-23T15:35:13","modified_gmt":"2026-01-23T14:35:13","slug":"a-propos","status":"publish","type":"page","link":"https:\/\/eye-c.fr\/index.php\/a-propos\/","title":{"rendered":"A propos"},"content":{"rendered":"\n<div class=\"wp-block-cover alignfull is-light\" style=\"min-height:350px;aspect-ratio:unset;\"><img fetchpriority=\"high\" decoding=\"async\" width=\"2560\" height=\"2129\" class=\"wp-block-cover__image-background wp-image-75\" alt=\"\" src=\"http:\/\/eye-c.fr\/wp-content\/uploads\/2024\/11\/20241016_164245-scaled.jpg\" data-object-fit=\"cover\" srcset=\"https:\/\/eye-c.fr\/wp-content\/uploads\/2024\/11\/20241016_164245-scaled.jpg 2560w, https:\/\/eye-c.fr\/wp-content\/uploads\/2024\/11\/20241016_164245-300x250.jpg 300w, https:\/\/eye-c.fr\/wp-content\/uploads\/2024\/11\/20241016_164245-1024x852.jpg 1024w, https:\/\/eye-c.fr\/wp-content\/uploads\/2024\/11\/20241016_164245-768x639.jpg 768w, https:\/\/eye-c.fr\/wp-content\/uploads\/2024\/11\/20241016_164245-1536x1278.jpg 1536w, https:\/\/eye-c.fr\/wp-content\/uploads\/2024\/11\/20241016_164245-2048x1703.jpg 2048w\" sizes=\"(max-width: 2560px) 100vw, 2560px\" \/><span aria-hidden=\"true\" class=\"wp-block-cover__background has-background-dim\" style=\"background-color:#858d90\"><\/span><div class=\"wp-block-cover__inner-container has-global-padding is-layout-constrained wp-container-core-cover-is-layout-4383d167 wp-block-cover-is-layout-constrained\">\n<h2 class=\"wp-block-heading has-text-align-center has-text-color has-link-color has-suranna-font-family wp-elements-77753a2cd1bbd6b7ca28b8eaaf2ae90b\" style=\"color:#ffffff;font-size:clamp(33.419px, 2.089rem + ((1vw - 3.2px) * 2.769), 60px);font-style:normal;font-weight:500\">Mieux me conna\u00eetre&#8230;<\/h2>\n<\/div><\/div>\n\n\n\n<div class=\"wp-block-media-text alignwide is-stacked-on-mobile\"><figure class=\"wp-block-media-text__media\"><img decoding=\"async\" width=\"138\" height=\"174\" src=\"https:\/\/eye-c.fr\/wp-content\/uploads\/2025\/10\/Photo-Celine-Rouxel-numerique-1.jpg\" alt=\"\" class=\"wp-image-221 size-full\"\/><\/figure><div class=\"wp-block-media-text__content\">\n<p>\u00c0 propos de C\u00e9line Rouxel<\/p>\n\n\n\n<hr class=\"wp-block-separator has-alpha-channel-opacity\"\/>\n\n\n\n<h5 class=\"wp-block-heading\"><em>Mon parcours : de la vision optique \u00e0 la vision int\u00e9rieure<\/em><\/h5>\n\n\n\n<div class=\"wp-block-columns is-layout-flex wp-container-core-columns-is-layout-28f84493 wp-block-columns-is-layout-flex\">\n<div class=\"wp-block-column is-layout-flow wp-block-column-is-layout-flow\" style=\"flex-basis:100%\">\n<pre class=\"wp-block-verse\">Depuis toujours, je suis fascin\u00e9e par <strong>le lien entre le corps, l\u2019esprit et la vision<\/strong>.<br>D\u2019abord opticienne dipl\u00f4m\u00e9e en <strong>optom\u00e9trie et contactologie<\/strong>, j\u2019ai exerc\u00e9 pendant plus de 15 ans dans des magasins majoritairement ind\u00e9pendants o\u00f9 j\u2019ai accompagn\u00e9 des personnes de tous \u00e2ges dans le choix et l\u2019adaptation de leurs \u00e9quipements visuels.<\/pre>\n<\/div>\n<\/div>\n\n\n\n<p>Avec le temps, j\u2019ai constat\u00e9 une chose :<br>ce n\u2019est pas seulement la vue qui fatigue\u2026 c\u2019est <strong>tout l\u2019\u00eatre<\/strong>.<\/p>\n\n\n\n<p>Beaucoup de mes clients vivaient <strong>du stress, de la peur, de la tension<\/strong> face \u00e0 un changement de vue, une op\u00e9ration \u00e0 venir ou une pathologie oculaire et m\u00eame parfois, c&rsquo;\u00e9tait le stress qui provoquait un inconfort visuel.<br>Et pourtant, <strong>aucun espace n\u2019\u00e9tait pr\u00e9vu pour accueillir ces \u00e9motions<\/strong>.<\/p>\n\n\n\n<p>C\u2019est ainsi qu\u2019est n\u00e9e ma volont\u00e9 de cr\u00e9er un accompagnement diff\u00e9rent :<br>associer la <strong>sophrologie<\/strong>, une pratique douce et accessible \u00e0 tous, \u00e0 ma connaissance fine du <strong>confort visuel et de la sant\u00e9 des yeux<\/strong>.<\/p>\n<\/div><\/div>\n\n\n\n<div class=\"wp-block-group alignfull has-global-padding is-layout-constrained wp-container-core-group-is-layout-4383d167 wp-block-group-is-layout-constrained\">\n<div class=\"wp-block-group alignwide has-global-padding is-layout-constrained wp-container-core-group-is-layout-3dead192 wp-block-group-is-layout-constrained\" style=\"margin-top:0;margin-bottom:0;padding-top:80px;padding-bottom:80px\">\n<div class=\"wp-block-columns alignwide is-layout-flex wp-container-core-columns-is-layout-9cf8123d wp-block-columns-is-layout-flex\">\n<div class=\"wp-block-column is-layout-flow wp-block-column-is-layout-flow\">\n<figure class=\"wp-block-image size-large\"><img decoding=\"async\" width=\"1024\" height=\"852\" src=\"http:\/\/eye-c.fr\/wp-content\/uploads\/2024\/11\/20241016_164245-1024x852.jpg\" alt=\"\" class=\"wp-image-75\" style=\"aspect-ratio:4\/3;object-fit:cover\" srcset=\"https:\/\/eye-c.fr\/wp-content\/uploads\/2024\/11\/20241016_164245-1024x852.jpg 1024w, https:\/\/eye-c.fr\/wp-content\/uploads\/2024\/11\/20241016_164245-300x250.jpg 300w, https:\/\/eye-c.fr\/wp-content\/uploads\/2024\/11\/20241016_164245-768x639.jpg 768w, https:\/\/eye-c.fr\/wp-content\/uploads\/2024\/11\/20241016_164245-1536x1278.jpg 1536w, https:\/\/eye-c.fr\/wp-content\/uploads\/2024\/11\/20241016_164245-2048x1703.jpg 2048w\" sizes=\"(max-width: 1024px) 100vw, 1024px\" \/><\/figure>\n<\/div>\n\n\n\n<div class=\"wp-block-column is-vertically-aligned-center is-layout-flow wp-block-column-is-layout-flow\" style=\"padding-left:15px\">\n<h2 class=\"wp-block-heading has-text-color has-link-color has-suranna-font-family wp-elements-ef1aaeb33d9cc0c151cef85ed16f890f\" style=\"color:#000000;font-size:clamp(32.518px, 2.032rem + ((1vw - 3.2px) * 2.654), 58px);font-style:normal;font-weight:500;line-height:0.7\">Le cabinet<\/h2>\n\n\n\n<p class=\"has-text-color has-link-color has-outfit-font-family wp-elements-fb185f2510fd1ad2efa31878ddfbf70c\" style=\"color:#000000;font-size:clamp(14px, 0.875rem + ((1vw - 3.2px) * 0.417), 18px);font-style:normal;font-weight:400\">Bienvenue chez Eye C. Sophro, o\u00f9 l&rsquo;expertise optique rencontre la sagesse de la sophrologie. Pendant plus de 15 ans, j&rsquo;ai aid\u00e9 mes clients \u00e0 mieux voir. Aujourd&rsquo;hui, mon accompagnement s&rsquo;\u00e9tend au mieux-\u00eatre dans sa globalit\u00e9. Je propose des s\u00e9ances individuelles et en petits groupes de sophrologie, ainsi que des ateliers d&rsquo;entreprise ax\u00e9s sur le stress, la vision et le burn-out. Rejoignez moi dans cette aventure vers une vision plus claire et une vie plus \u00e9quilibr\u00e9e.<\/p>\n\n\n\n<div class=\"wp-block-buttons is-layout-flex wp-block-buttons-is-layout-flex\">\n<div class=\"wp-block-button\"><a class=\"wp-block-button__link has-text-color has-background has-link-color has-outfit-font-family has-custom-font-size wp-element-button\" href=\"https:\/\/calendly.com\/eyecsophro\/60min\" style=\"border-radius:0px;color:#ffffff;background-color:#528d8e;padding-top:8px;padding-right:60px;padding-bottom:8px;padding-left:60px;font-size:clamp(14px, 0.875rem + ((1vw - 3.2px) * 0.417), 18px);\">D\u00e9marrer<\/a><\/div>\n<\/div>\n<\/div>\n<\/div>\n\n\n\n<div class=\"wp-block-columns alignwide is-layout-flex wp-container-core-columns-is-layout-8fd49b0b wp-block-columns-is-layout-flex\" style=\"padding-top:80px\">\n<div class=\"wp-block-column is-vertically-aligned-center is-layout-flow wp-block-column-is-layout-flow\" style=\"padding-right:15px\">\n<h2 class=\"wp-block-heading has-text-color has-link-color has-suranna-font-family wp-elements-84ef6743566438ecdfdaabd24b5d7a69\" style=\"color:#000000;font-size:clamp(32.518px, 2.032rem + ((1vw - 3.2px) * 2.654), 58px);font-style:normal;font-weight:500;line-height:0.7\">Mon approche<\/h2>\n\n\n\n<p class=\"has-text-color has-link-color has-outfit-font-family wp-elements-002851aba38fb102b2291d7ea5cd5737\" style=\"color:#000000;font-size:clamp(14px, 0.875rem + ((1vw - 3.2px) * 0.417), 18px);font-style:normal;font-weight:400\"><strong>La sophrologie<\/strong> agit sur le stress, la respiration et la conscience du corps.<br>Elle aide \u00e0 rel\u00e2cher les tensions physiques, mentales et \u00e9motionnelles.<\/p>\n\n\n\n<p><strong>Mon exp\u00e9rience en optique<\/strong> me permet de comprendre vos besoins visuels, vos traitements et les impacts de la vision sur le bien-\u00eatre.<\/p>\n\n\n\n<p>Ensemble, nous construisons un accompagnement <strong>sur-mesure<\/strong>, respectueux de votre rythme et de votre v\u00e9cu.<\/p>\n\n\n\n<blockquote class=\"wp-block-quote is-layout-flow wp-block-quote-is-layout-flow\">\n<p>\u201cRegarder le monde avec des yeux apais\u00e9s, c\u2019est d\u00e9j\u00e0 le voir autrement.\u201d<\/p>\n<\/blockquote>\n\n\n\n<hr class=\"wp-block-separator has-alpha-channel-opacity\"\/>\n\n\n\n<h2 class=\"wp-block-heading\">En quelques mots&#8230;<\/h2>\n\n\n\n<p class=\"has-text-color has-link-color has-outfit-font-family wp-elements-db44704f4d1b475a1c8c3f23d36f808a\" style=\"color:#000000;font-size:clamp(14px, 0.875rem + ((1vw - 3.2px) * 0.417), 18px);font-style:normal;font-weight:400\">Pour les adultes, les adolescents, les enfants \u00e0 partir de 6 ans et les seniors<\/p>\n\n\n\n<p>Bienveillance et \u00e9coute avant tout<\/p>\n\n\n\n<p>Une approche professionnelle, humaine et personnalis\u00e9e<\/p>\n\n\n\n<p>Un accompagnement possible en <strong>cabinet ou en visio<\/strong><\/p>\n\n\n\n<div class=\"wp-block-buttons is-layout-flex wp-block-buttons-is-layout-flex\">\n<div class=\"wp-block-button\"><a class=\"wp-block-button__link has-text-color has-background has-link-color has-outfit-font-family has-custom-font-size wp-element-button\" href=\"https:\/\/calendly.com\/eyecsophro\/60min\" style=\"border-radius:0px;color:#ffffff;background-color:#528d8e;padding-top:8px;padding-right:60px;padding-bottom:8px;padding-left:60px;font-size:clamp(14px, 0.875rem + ((1vw - 3.2px) * 0.417), 18px);\">Commencer<\/a><\/div>\n<\/div>\n<\/div>\n\n\n\n<div class=\"wp-block-column is-layout-flow wp-block-column-is-layout-flow\">\n<figure class=\"wp-block-image size-full is-style-rounded is-style-rounded--1\"><img loading=\"lazy\" decoding=\"async\" width=\"2498\" height=\"2560\" src=\"http:\/\/eye-c.fr\/wp-content\/uploads\/2024\/11\/20241016_162859-scaled.jpg\" alt=\"\" class=\"wp-image-79\" style=\"aspect-ratio:4\/3;object-fit:cover\" srcset=\"https:\/\/eye-c.fr\/wp-content\/uploads\/2024\/11\/20241016_162859-scaled.jpg 2498w, https:\/\/eye-c.fr\/wp-content\/uploads\/2024\/11\/20241016_162859-293x300.jpg 293w, https:\/\/eye-c.fr\/wp-content\/uploads\/2024\/11\/20241016_162859-999x1024.jpg 999w, https:\/\/eye-c.fr\/wp-content\/uploads\/2024\/11\/20241016_162859-768x787.jpg 768w, https:\/\/eye-c.fr\/wp-content\/uploads\/2024\/11\/20241016_162859-1499x1536.jpg 1499w, https:\/\/eye-c.fr\/wp-content\/uploads\/2024\/11\/20241016_162859-1999x2048.jpg 1999w\" sizes=\"(max-width: 2498px) 100vw, 2498px\" \/><\/figure>\n<\/div>\n<\/div>\n<\/div>\n<\/div>\n\n\n\n<section class=\"wp-block-group alignfull has-text-color has-global-padding is-layout-constrained wp-container-core-group-is-layout-68a273fd wp-block-group-is-layout-constrained\" style=\"color:#010101;margin-top:0px;padding-top:5.01rem;padding-right:1rem;padding-bottom:4.01rem;padding-left:1rem;font-size:clamp(0.875rem, 0.875rem + ((1vw - 0.2rem) * 0.425), 1.13rem);font-style:normal;font-weight:400;line-height:1.4\">\n<h2 class=\"wp-block-heading has-text-align-center has-text-color\" style=\"color:#010101;margin-top:0.51rem;margin-bottom:1.01rem;font-size:clamp(2.026rem, 2.026rem + ((1vw - 0.2rem) * 2.64), 3.61rem);font-style:normal;font-weight:500;line-height:1.3\">Pourquoi choisir le cabinet Eye C Sophro?<\/h2>\n\n\n\n<div class=\"wp-block-columns is-layout-flex wp-container-core-columns-is-layout-686e267c wp-block-columns-is-layout-flex\" style=\"margin-bottom:0px\">\n<div class=\"wp-block-column has-global-padding is-layout-constrained wp-container-core-column-is-layout-92d29198 wp-block-column-is-layout-constrained\" style=\"padding-top:0px;padding-bottom:0px;padding-left:0rem\">\n<div class=\"wp-block-group has-text-color has-background is-vertical is-content-justification-center is-layout-flex wp-container-core-group-is-layout-54950a31 wp-block-group-is-layout-flex\" style=\"color:#010101;background-color:#fffffd;padding-top:1.01rem;padding-right:1.51rem;padding-bottom:1.01rem;padding-left:1.51rem\">\n<h3 class=\"wp-block-heading has-text-align-center has-text-color has-link-color wp-elements-7d546a4d6e508f403d3ec6625d83c154\" style=\"color:#010101;font-size:clamp(0.99rem, 0.99rem + ((1vw - 0.2rem) * 0.867), 1.51rem);text-decoration:none\">S\u00e9ances individuelles<\/h3>\n\n\n\n<p class=\"has-text-align-center has-text-color\" style=\"color:#010101;margin-top:0rem;margin-bottom:1.01rem;font-size:clamp(0.875rem, 0.875rem + ((1vw - 0.2rem) * 0.042), 0.9rem);line-height:1.5\">Un accompagnement personnalis\u00e9.<\/p>\n<\/div>\n<\/div>\n\n\n\n<div class=\"wp-block-column has-global-padding is-layout-constrained wp-container-core-column-is-layout-92d29198 wp-block-column-is-layout-constrained\" style=\"padding-top:0px;padding-bottom:0px;padding-left:0rem\">\n<div class=\"wp-block-group has-text-color has-background is-vertical is-content-justification-center is-layout-flex wp-container-core-group-is-layout-54950a31 wp-block-group-is-layout-flex\" style=\"color:#010101;background-color:#fffffd;padding-top:1.01rem;padding-right:1.51rem;padding-bottom:1.01rem;padding-left:1.51rem\">\n<h3 class=\"wp-block-heading has-text-align-center has-text-color has-link-color wp-elements-8f7e84906af4f8698693f3f4dac709a4\" style=\"color:#010101;font-size:clamp(0.99rem, 0.99rem + ((1vw - 0.2rem) * 0.867), 1.51rem);text-decoration:none\">S\u00e9ances de groupe<\/h3>\n\n\n\n<p class=\"has-text-align-center has-text-color\" style=\"color:#010101;margin-top:0rem;margin-bottom:1.01rem;font-size:clamp(0.875rem, 0.875rem + ((1vw - 0.2rem) * 0.042), 0.9rem);line-height:1.5\">Exp\u00e9rience partag\u00e9e.<\/p>\n<\/div>\n<\/div>\n\n\n\n<div class=\"wp-block-column has-global-padding is-layout-constrained wp-container-core-column-is-layout-92d29198 wp-block-column-is-layout-constrained\" style=\"padding-top:0px;padding-bottom:0px;padding-left:0rem\">\n<div class=\"wp-block-group has-text-color has-background is-vertical is-content-justification-center is-layout-flex wp-container-core-group-is-layout-54950a31 wp-block-group-is-layout-flex\" style=\"color:#010101;background-color:#fffffd;padding-top:1.01rem;padding-right:1.51rem;padding-bottom:1.01rem;padding-left:1.51rem\">\n<h3 class=\"wp-block-heading has-text-align-center has-text-color has-link-color wp-elements-dc99170b4c5ff1c2443c212e93f951ad\" style=\"color:#010101;font-size:clamp(0.99rem, 0.99rem + ((1vw - 0.2rem) * 0.867), 1.51rem);text-decoration:none\">Ateliers corporatifs<\/h3>\n\n\n\n<p class=\"has-text-align-center has-text-color\" style=\"color:#010101;margin-top:0rem;margin-bottom:1.01rem;font-size:clamp(0.875rem, 0.875rem + ((1vw - 0.2rem) * 0.042), 0.9rem);line-height:1.5\">Gestion du stress; fatigue visuelle<\/p>\n<\/div>\n<\/div>\n\n\n\n<div class=\"wp-block-column has-global-padding is-layout-constrained wp-container-core-column-is-layout-92d29198 wp-block-column-is-layout-constrained\" style=\"padding-top:0px;padding-bottom:0px;padding-left:0rem\">\n<div class=\"wp-block-group has-text-color has-background is-vertical is-content-justification-center is-layout-flex wp-container-core-group-is-layout-54950a31 wp-block-group-is-layout-flex\" style=\"color:#010101;background-color:#fffffd;padding-top:1.01rem;padding-right:1.51rem;padding-bottom:1.01rem;padding-left:1.51rem\">\n<h3 class=\"wp-block-heading has-text-align-center has-text-color has-link-color wp-elements-e3e5850af3fe4ad386e0249372515a6e\" style=\"color:#010101;font-size:clamp(0.99rem, 0.99rem + ((1vw - 0.2rem) * 0.867), 1.51rem);text-decoration:none\">Approche holistique<\/h3>\n\n\n\n<p class=\"has-text-align-center has-text-color\" style=\"color:#010101;margin-top:0rem;margin-bottom:1.01rem;font-size:clamp(0.875rem, 0.875rem + ((1vw - 0.2rem) * 0.042), 0.9rem);line-height:1.5\">L&rsquo;\u00e9quilibre corps et esprit.<\/p>\n<\/div>\n<\/div>\n<\/div>\n<\/section>\n\n\n\n<section class=\"wp-block-cover alignfull\" style=\"margin-top:0px;padding-top:1.01rem;padding-bottom:1.01rem;min-height:650px;aspect-ratio:unset;\"><img decoding=\"async\" class=\"wp-block-cover__image-background wp-image-722\" alt=\"\" src=\"https:\/\/tyler.com\/wp-content\/uploads\/2023\/11\/view-banner2.jpg\" style=\"object-position:50% 52%\" data-object-fit=\"cover\" data-object-position=\"50% 52%\"\/><span aria-hidden=\"true\" class=\"wp-block-cover__background has-background-dim-0 has-background-dim\" style=\"background-color:#edf1f2\"><\/span><div class=\"wp-block-cover__inner-container has-global-padding is-layout-constrained wp-container-core-cover-is-layout-08e95c49 wp-block-cover-is-layout-constrained\">\n<div class=\"wp-block-group has-text-color is-layout-flow wp-block-group-is-layout-flow\" style=\"color:#fffffd;margin-top:0px;padding-top:0rem;padding-right:1rem;padding-bottom:0rem;padding-left:1rem;font-size:clamp(0.875rem, 0.875rem + ((1vw - 0.2rem) * 0.425), 1.13rem);font-style:normal;font-weight:400;line-height:1.4\">\n<div class=\"wp-block-group has-global-padding is-layout-constrained wp-container-core-group-is-layout-92ef7b19 wp-block-group-is-layout-constrained\">\n<h2 class=\"wp-block-heading has-text-align-center has-text-color\" style=\"color:#fffffd;margin-bottom:0rem;font-size:clamp(2.336rem, 2.336rem + ((1vw - 0.2rem) * 3.29), 4.31rem);font-style:normal;font-weight:400;line-height:1.2\">Connectons-nous<\/h2>\n<\/div>\n\n\n\n<div class=\"wp-block-group is-vertical is-content-justification-stretch is-nowrap is-layout-flex wp-container-core-group-is-layout-91171fc4 wp-block-group-is-layout-flex\" style=\"margin-top:1.51rem;padding-right:0px;padding-left:0px\">\n<div class=\"wp-block-group has-global-padding is-content-justification-center is-layout-constrained wp-container-core-group-is-layout-2f0bcb29 wp-block-group-is-layout-constrained\" style=\"margin-top:0px\">\n<div class=\"wp-block-buttons is-horizontal is-content-justification-right is-layout-flex wp-container-core-buttons-is-layout-099266fd wp-block-buttons-is-layout-flex\" style=\"margin-top:0.51rem\">\n<div class=\"wp-block-button has-custom-width wp-block-button__width-100 is-style-fill\"><a class=\"wp-block-button__link has-text-color has-background has-custom-font-size wp-element-button\" href=\"http:\/\/eye-c.fr\/index.php\/contact\/\" style=\"border-style:none;border-width:0px;border-radius:0rem;color:#fffffd;background-color:#528d8e;padding-top:0.81rem;padding-right:1rem;padding-bottom:0.81rem;padding-left:1rem;font-size:clamp(0.875rem, 0.875rem + ((1vw - 0.2rem) * 0.225), 1.01rem);font-style:normal;font-weight:600;line-height:1.5;text-transform:capitalize\">Contact<\/a><\/div>\n<\/div>\n<\/div>\n<\/div>\n<\/div>\n<\/div><\/section>\n","protected":false},"excerpt":{"rendered":"<p>Le cabinet Bienvenue chez Eye C. Sophro, o\u00f9 l&rsquo;expertise optique rencontre la sagesse de la sophrologie. Pendant plus de 15 ans, j&rsquo;ai aid\u00e9 mes clients \u00e0 mieux voir. Aujourd&rsquo;hui, mon accompagnement s&rsquo;\u00e9tend au mieux-\u00eatre dans sa globalit\u00e9. Je propose des s\u00e9ances individuelles et en petits groupes de sophrologie, ainsi que des ateliers d&rsquo;entreprise ax\u00e9s sur [&hellip;]<\/p>\n","protected":false},"author":1,"featured_media":0,"parent":0,"menu_order":0,"comment_status":"closed","ping_status":"closed","template":"","meta":{"episode_type":"","audio_file":"","cover_image":"","cover_image_id":"","duration":"","filesize":"","filesize_raw":"","date_recorded":"","explicit":"","block":"","itunes_episode_number":"","itunes_title":"","itunes_season_number":"","itunes_episode_type":"","footnotes":""},"class_list":["post-10","page","type-page","status-publish","hentry"],"_links":{"self":[{"href":"https:\/\/eye-c.fr\/index.php\/wp-json\/wp\/v2\/pages\/10","targetHints":{"allow":["GET"]}}],"collection":[{"href":"https:\/\/eye-c.fr\/index.php\/wp-json\/wp\/v2\/pages"}],"about":[{"href":"https:\/\/eye-c.fr\/index.php\/wp-json\/wp\/v2\/types\/page"}],"author":[{"embeddable":true,"href":"https:\/\/eye-c.fr\/index.php\/wp-json\/wp\/v2\/users\/1"}],"replies":[{"embeddable":true,"href":"https:\/\/eye-c.fr\/index.php\/wp-json\/wp\/v2\/comments?post=10"}],"version-history":[{"count":12,"href":"https:\/\/eye-c.fr\/index.php\/wp-json\/wp\/v2\/pages\/10\/revisions"}],"predecessor-version":[{"id":248,"href":"https:\/\/eye-c.fr\/index.php\/wp-json\/wp\/v2\/pages\/10\/revisions\/248"}],"wp:attachment":[{"href":"https:\/\/eye-c.fr\/index.php\/wp-json\/wp\/v2\/media?parent=10"}],"curies":[{"name":"wp","href":"https:\/\/api.w.org\/{rel}","templated":true}]}}